{"id":1553,"date":"2025-10-28T17:21:40","date_gmt":"2025-10-28T15:21:40","guid":{"rendered":"https:\/\/mainbeste.com\/?page_id=1553"},"modified":"2026-02-26T22:31:27","modified_gmt":"2026-02-26T20:31:27","slug":"official-european-trademark","status":"publish","type":"page","link":"https:\/\/mainbeste.com\/es\/official-european-trademark\/","title":{"rendered":"Marca Oficial Europea"},"content":{"rendered":"\t\t<div data-elementor-type=\"wp-page\" data-elementor-id=\"1553\" class=\"elementor elementor-1553\" data-elementor-post-type=\"page\">\n\t\t\t\t<div class=\"elementor-element elementor-element-amq0ts3 e-flex e-con-boxed e-con e-parent\" data-id=\"amq0ts3\" data-element_type=\"container\" data-e-type=\"container\" data-settings=\"{&quot;background_background&quot;:&quot;classic&quot;}\">\n\t\t\t\t\t<div class=\"e-con-inner\">\n\t\t<div class=\"elementor-element elementor-element-fb53f82 e-con-full e-flex e-con e-child\" data-id=\"fb53f82\" data-element_type=\"container\" data-e-type=\"container\">\n\t\t\t\t<div class=\"elementor-element elementor-element-2a58273 elementor-widget elementor-widget-heading\" data-id=\"2a58273\" data-element_type=\"widget\" data-e-type=\"widget\" data-widget_type=\"heading.default\">\n\t\t\t\t<div class=\"elementor-widget-container\">\n\t\t\t\t\t<h1 class=\"elementor-heading-title elementor-size-default\">MAINBESTE<sup>\u00ae<\/sup><\/h1>\t\t\t\t<\/div>\n\t\t\t\t<\/div>\n\t\t\t\t<div class=\"elementor-element elementor-element-299683f elementor-widget elementor-widget-heading\" data-id=\"299683f\" data-element_type=\"widget\" data-e-type=\"widget\" data-widget_type=\"heading.default\">\n\t\t\t\t<div class=\"elementor-widget-container\">\n\t\t\t\t\t<h1 class=\"elementor-heading-title elementor-size-default\">OFFICIAL EUROPEAN TRADEMARK<\/h1>\t\t\t\t<\/div>\n\t\t\t\t<\/div>\n\t\t\t\t<\/div>\n\t\t\t\t\t<\/div>\n\t\t\t\t<\/div>\n\t\t<div class=\"elementor-element elementor-element-8d38ca1 e-flex e-con-boxed e-con e-child\" data-id=\"8d38ca1\" data-element_type=\"container\" data-e-type=\"container\">\n\t\t\t\t\t<div class=\"e-con-inner\">\n\t\t\t\t<div class=\"elementor-element elementor-element-6d335d6 elementor-widget elementor-widget-heading\" data-id=\"6d335d6\" data-element_type=\"widget\" data-e-type=\"widget\" data-widget_type=\"heading.default\">\n\t\t\t\t<div class=\"elementor-widget-container\">\n\t\t\t\t\t<h3 class=\"elementor-heading-title elementor-size-default\">La protecci\u00f3n del legado. La estructura de la identidad<\/h3>\t\t\t\t<\/div>\n\t\t\t\t<\/div>\n\t\t\t\t<div class=\"elementor-element elementor-element-16e0879 elementor-widget elementor-widget-heading\" data-id=\"16e0879\" data-element_type=\"widget\" data-e-type=\"widget\" data-widget_type=\"heading.default\">\n\t\t\t\t<div class=\"elementor-widget-container\">\n\t\t\t\t\t<h4 class=\"elementor-heading-title elementor-size-default\"><p data-start=\"733\" data-end=\"1279\"><strong data-start=\"733\" data-end=\"747\">Mainbeste<sup>\u00ae<\/sup><\/strong> es una <strong data-start=\"755\" data-end=\"808\">marca oficialmente registrada en la Uni\u00f3n Europea<\/strong> bajo la protecci\u00f3n de la <strong data-start=\"834\" data-end=\"889\">EUIPO (European Union Intellectual Property Office)<\/strong>. Este reconocimiento certifica la autenticidad, titularidad y exclusividad del nombre <strong data-start=\"978\" data-end=\"991\">Mainbeste<\/strong>, garantizando su protecci\u00f3n legal en todos los Estados miembros de la Uni\u00f3n. El registro constituye una pieza esencial en la arquitectura institucional de la firma: un escudo jur\u00eddico que asegura la coherencia, la integridad y la permanencia de su identidad dentro del mercado europeo.<\/p><p data-start=\"1281\" data-end=\"1710\">La protecci\u00f3n legal del nombre <strong data-start=\"1312\" data-end=\"1326\">Mainbeste<sup>\u00ae<\/sup><\/strong> refleja la visi\u00f3n con la que naci\u00f3 la marca: construir un proyecto global, s\u00f3lido y consciente, en el que cada elemento \u2014desde el dise\u00f1o hasta la comunicaci\u00f3n\u2014 responda a los mismos principios de <strong data-start=\"1523\" data-end=\"1572\">excelencia, elegancia y prop\u00f3sito estructural<\/strong>. <span style=\"font-style: inherit;font-weight: inherit\">Este registro no es un tr\u00e1mite, sino una <\/span><strong data-start=\"1617\" data-end=\"1654\" style=\"font-style: inherit\">declaraci\u00f3n de soberan\u00eda creativa<\/strong><span style=\"font-style: inherit;font-weight: inherit\">: la defensa del pensamiento que da forma a su universo.<\/span><span style=\"font-family: Roboto, sans-serif;font-size: 1.05882rem;font-style: inherit\"><\/span><\/p><\/h4>\t\t\t\t<\/div>\n\t\t\t\t<\/div>\n\t\t\t\t<div class=\"elementor-element elementor-element-548a1e9 elementor-widget elementor-widget-heading\" data-id=\"548a1e9\" data-element_type=\"widget\" data-e-type=\"widget\" data-widget_type=\"heading.default\">\n\t\t\t\t<div class=\"elementor-widget-container\">\n\t\t\t\t\t<h3 class=\"elementor-heading-title elementor-size-default\">Autenticidad y derechos reservados<\/h3>\t\t\t\t<\/div>\n\t\t\t\t<\/div>\n\t\t\t\t<div class=\"elementor-element elementor-element-37e7084 elementor-widget elementor-widget-heading\" data-id=\"37e7084\" data-element_type=\"widget\" data-e-type=\"widget\" data-widget_type=\"heading.default\">\n\t\t\t\t<div class=\"elementor-widget-container\">\n\t\t\t\t\t<h4 class=\"elementor-heading-title elementor-size-default\"><p data-start=\"1813\" data-end=\"2412\"><b>Mainbeste<sup>\u00ae<\/sup><\/b> se encuentra protegido por la legislaci\u00f3n europea sobre propiedad industrial y q<span style=\"font-style: inherit;font-weight: inherit\">ueda reservado el derecho exclusivo de uso, reproducci\u00f3n y aplicaci\u00f3n comercial de los elementos identificativos de la marca en cualquier soporte, medio o contexto.<\/span><\/p><p data-start=\"1813\" data-end=\"2412\">Cualquier utilizaci\u00f3n no autorizada constituye una infracci\u00f3n de derechos y ser\u00e1 perseguida conforme a las disposiciones de la EUIPO y la normativa espa\u00f1ola vigente en materia de propiedad intelectual e industrial. <span style=\"font-style: inherit;font-weight: inherit\">Para m\u00e1s informaci\u00f3n, puede consultarse directamente el registro oficial en la base de datos de la EUIPO.<\/span><span style=\"font-family: Roboto, sans-serif;font-size: 1.05882rem;font-style: inherit\"><\/span><\/p><\/h4>\t\t\t\t<\/div>\n\t\t\t\t<\/div>\n\t\t\t\t<div class=\"elementor-element elementor-element-999a49c elementor-widget elementor-widget-heading\" data-id=\"999a49c\" data-element_type=\"widget\" data-e-type=\"widget\" data-widget_type=\"heading.default\">\n\t\t\t\t<div class=\"elementor-widget-container\">\n\t\t\t\t\t<h3 class=\"elementor-heading-title elementor-size-default\">La protecci\u00f3n como principio de futuro<\/h3>\t\t\t\t<\/div>\n\t\t\t\t<\/div>\n\t\t\t\t<div class=\"elementor-element elementor-element-58b4ffd elementor-widget elementor-widget-heading\" data-id=\"58b4ffd\" data-element_type=\"widget\" data-e-type=\"widget\" data-widget_type=\"heading.default\">\n\t\t\t\t<div class=\"elementor-widget-container\">\n\t\t\t\t\t<h4 class=\"elementor-heading-title elementor-size-default\">El registro europeo consolida la proyecci\u00f3n internacional de <strong data-start=\"2743\" data-end=\"2757\">Mainbeste<sup>\u00ae<\/sup><\/strong>, garantizando su presencia segura en los principales mercados y reforzando su legitimidad institucional. La marca no solo protege un nombre: protege una filosof\u00eda, una estructura y una forma de pensar el lujo contempor\u00e1neo. Desde su sede central en <strong data-start=\"3011\" data-end=\"3034\">Torre Castellana 81<\/strong>, Mainbeste proyecta una visi\u00f3n que trasciende el producto y se traduce en una cultura: la <strong data-start=\"3125\" data-end=\"3174\">b\u00fasqueda del bienestar como arte estructural.<\/strong><\/h4>\t\t\t\t<\/div>\n\t\t\t\t<\/div>\n\t\t\t\t<div class=\"elementor-element elementor-element-7d3a872 elementor-widget elementor-widget-heading\" data-id=\"7d3a872\" data-element_type=\"widget\" data-e-type=\"widget\" data-widget_type=\"heading.default\">\n\t\t\t\t<div class=\"elementor-widget-container\">\n\t\t\t\t\t<h3 class=\"elementor-heading-title elementor-size-default\">Estatus oficial<\/h3>\t\t\t\t<\/div>\n\t\t\t\t<\/div>\n\t\t\t\t<div class=\"elementor-element elementor-element-4e1eb32 elementor-widget elementor-widget-heading\" data-id=\"4e1eb32\" data-element_type=\"widget\" data-e-type=\"widget\" data-widget_type=\"heading.default\">\n\t\t\t\t<div class=\"elementor-widget-container\">\n\t\t\t\t\t<h4 class=\"elementor-heading-title elementor-size-default\">Mainbeste<sup>\u00ae<\/sup> figura como <strong data-start=\"515\" data-end=\"568\">marca oficialmente registrada en la Uni\u00f3n Europea<\/strong>, bajo la protecci\u00f3n de la <strong data-start=\"595\" data-end=\"650\">EUIPO (European Union Intellectual Property Office)<\/strong>. Este reconocimiento certifica su autenticidad, titularidad y uso exclusivo en todos los Estados miembros.\nPuedes consultar el <strong data-start=\"782\" data-end=\"816\">registro oficial de Mainbeste<sup>\u00ae<\/sup><\/strong> directamente en la base de datos p\u00fablica de la EUIPO en el siguiente enlace: <a href=\"https:\/\/euipo.europa.eu\/eSearch\/#details\/trademarks\/019226775\" target=\"_blank\" style=\"font-weight:700;color:#b59b65;text-decoration:none\" rel=\"nofollow noopener\">Estatus de Registro Oficial de <span style=\"font-weight: 700;font-size: 1.17647rem\">Mainbeste<sup>\u00ae<\/sup> - EUIPO.<\/a><\/span><span style=\"font-size: 1.17647rem;font-style: inherit\"><\/span><br><\/h4>\t\t\t\t<\/div>\n\t\t\t\t<\/div>\n\t\t<div class=\"elementor-element elementor-element-96aef78 e-con-full e-flex e-con e-child\" data-id=\"96aef78\" data-element_type=\"container\" data-e-type=\"container\">\n\t\t<div class=\"elementor-element elementor-element-ea22e3d e-con-full e-flex e-con e-child\" data-id=\"ea22e3d\" data-element_type=\"container\" data-e-type=\"container\">\n\t\t\t\t<div class=\"elementor-element elementor-element-22c0771 elementor-widget elementor-widget-image\" data-id=\"22c0771\" data-element_type=\"widget\" data-e-type=\"widget\" data-widget_type=\"image.default\">\n\t\t\t\t<div class=\"elementor-widget-container\">\n\t\t\t\t\t\t\t\t\t\t\t\t\t\t\t<img decoding=\"async\" width=\"100\" height=\"100\" src=\"https:\/\/mainbeste.com\/wp-content\/uploads\/2025\/10\/Logos-Mainbeste\u00ae-Square-Logo-10-100x100.png\" class=\"attachment-woocommerce_single size-woocommerce_single wp-image-1563\" alt=\"\" srcset=\"https:\/\/mainbeste.com\/wp-content\/uploads\/2025\/10\/Logos-Mainbeste\u00ae-Square-Logo-10-100x100.png 100w, https:\/\/mainbeste.com\/wp-content\/uploads\/2025\/10\/Logos-Mainbeste\u00ae-Square-Logo-10-300x300.png 300w, https:\/\/mainbeste.com\/wp-content\/uploads\/2025\/10\/Logos-Mainbeste\u00ae-Square-Logo-10-150x150.png 150w, https:\/\/mainbeste.com\/wp-content\/uploads\/2025\/10\/Logos-Mainbeste\u00ae-Square-Logo-10-768x768.png 768w, https:\/\/mainbeste.com\/wp-content\/uploads\/2025\/10\/Logos-Mainbeste\u00ae-Square-Logo-10-600x600.png 600w, https:\/\/mainbeste.com\/wp-content\/uploads\/2025\/10\/Logos-Mainbeste\u00ae-Square-Logo-10.png 813w\" sizes=\"(max-width: 100px) 100vw, 100px\" \/>\t\t\t\t\t\t\t\t\t\t\t\t\t\t\t<\/div>\n\t\t\t\t<\/div>\n\t\t<div class=\"elementor-element elementor-element-2bc199c e-con-full e-flex e-con e-child\" data-id=\"2bc199c\" data-element_type=\"container\" data-e-type=\"container\">\n\t\t\t\t<div class=\"elementor-element elementor-element-e2e57b8 elementor-widget elementor-widget-hfe-infocard\" data-id=\"e2e57b8\" data-element_type=\"widget\" data-e-type=\"widget\" data-widget_type=\"hfe-infocard.default\">\n\t\t\t\t<div class=\"elementor-widget-container\">\n\t\t\t\t\t\n\t\t<div class=\"hfe-infocard\">\n\t\t\t\t\t\t\t\t\t<div class=\"hfe-infocard-title-wrap\">\n\t\t\t\t<h5 class=\"hfe-infocard-title elementor-inline-editing\" data-elementor-setting-key=\"infocard_title\" data-elementor-inline-editing-toolbar=\"basic\" >Mainbeste<sup>\u00ae<\/sup>: Identidad registrada<\/h5>\t\t\t<\/div>\n\t\t\t\t\t\t<div class=\"hfe-infocard-text-wrap\">\n\t\t\t\t<div class=\"hfe-infocard-text elementor-inline-editing\" data-elementor-setting-key=\"infocard_description\" data-elementor-inline-editing-toolbar=\"advanced\">\n\t\t\t\t\tEl logotipo principal de la marca representa la esencia visual y conceptual de Mainbeste<sup>\u00ae<\/sup>\t\t\t\t<\/div>\n\t\t\t\t\t\t\t<\/div>\n\t\t<\/div>\n\n\t\t\t\t\t\t<\/div>\n\t\t\t\t<\/div>\n\t\t\t\t<\/div>\n\t\t\t\t<\/div>\n\t\t<div class=\"elementor-element elementor-element-ec1ab29 e-con-full e-flex e-con e-child\" data-id=\"ec1ab29\" data-element_type=\"container\" data-e-type=\"container\">\n\t\t\t\t<div class=\"elementor-element elementor-element-c917a95 elementor-widget elementor-widget-image\" data-id=\"c917a95\" data-element_type=\"widget\" data-e-type=\"widget\" data-widget_type=\"image.default\">\n\t\t\t\t<div class=\"elementor-widget-container\">\n\t\t\t\t\t\t\t\t\t\t\t\t\t\t\t<img fetchpriority=\"high\" decoding=\"async\" width=\"480\" height=\"480\" src=\"https:\/\/mainbeste.com\/wp-content\/uploads\/2025\/10\/RegisteredTM.png\" class=\"attachment-woocommerce_single size-woocommerce_single wp-image-1562\" alt=\"\" srcset=\"https:\/\/mainbeste.com\/wp-content\/uploads\/2025\/10\/RegisteredTM.png 480w, https:\/\/mainbeste.com\/wp-content\/uploads\/2025\/10\/RegisteredTM-100x100.png 100w, https:\/\/mainbeste.com\/wp-content\/uploads\/2025\/10\/RegisteredTM-300x300.png 300w, https:\/\/mainbeste.com\/wp-content\/uploads\/2025\/10\/RegisteredTM-150x150.png 150w\" sizes=\"(max-width: 480px) 100vw, 480px\" \/>\t\t\t\t\t\t\t\t\t\t\t\t\t\t\t<\/div>\n\t\t\t\t<\/div>\n\t\t<div class=\"elementor-element elementor-element-937fb36 e-con-full e-flex e-con e-child\" data-id=\"937fb36\" data-element_type=\"container\" data-e-type=\"container\">\n\t\t\t\t<div class=\"elementor-element elementor-element-4c2db22 elementor-widget elementor-widget-hfe-infocard\" data-id=\"4c2db22\" data-element_type=\"widget\" data-e-type=\"widget\" data-widget_type=\"hfe-infocard.default\">\n\t\t\t\t<div class=\"elementor-widget-container\">\n\t\t\t\t\t\n\t\t<div class=\"hfe-infocard\">\n\t\t\t\t\t\t\t\t\t<div class=\"hfe-infocard-title-wrap\">\n\t\t\t\t<h5 class=\"hfe-infocard-title elementor-inline-editing\" data-elementor-setting-key=\"infocard_title\" data-elementor-inline-editing-toolbar=\"basic\" >Protecci\u00f3n oficial<\/h5>\t\t\t<\/div>\n\t\t\t\t\t\t<div class=\"hfe-infocard-text-wrap\">\n\t\t\t\t<div class=\"hfe-infocard-text elementor-inline-editing\" data-elementor-setting-key=\"infocard_description\" data-elementor-inline-editing-toolbar=\"advanced\">\n\t\t\t\t\tEl distintivo \u00ae refleja el reconocimiento legal y la autenticidad registrada de Mainbeste<sup>\u00ae<\/sup>. Su uso autorizado certifica la titularidad exclusiva de la marca.\t\t\t\t<\/div>\n\t\t\t\t\t\t\t<\/div>\n\t\t<\/div>\n\n\t\t\t\t\t\t<\/div>\n\t\t\t\t<\/div>\n\t\t\t\t<\/div>\n\t\t\t\t<\/div>\n\t\t<div class=\"elementor-element elementor-element-410bd93 e-flex e-con-boxed e-con e-child\" data-id=\"410bd93\" data-element_type=\"container\" data-e-type=\"container\">\n\t\t\t\t\t<div class=\"e-con-inner\">\n\t\t\t\t<div class=\"elementor-element elementor-element-4997df2 elementor-widget elementor-widget-image\" data-id=\"4997df2\" data-element_type=\"widget\" data-e-type=\"widget\" data-widget_type=\"image.default\">\n\t\t\t\t<div class=\"elementor-widget-container\">\n\t\t\t\t\t\t\t\t\t\t\t\t\t\t\t<img decoding=\"async\" width=\"300\" height=\"201\" src=\"https:\/\/mainbeste.com\/wp-content\/uploads\/2025\/10\/mainbeste-european-trademark-300x201.jpg\" class=\"attachment-woocommerce_single size-woocommerce_single wp-image-411\" alt=\"\" srcset=\"https:\/\/mainbeste.com\/wp-content\/uploads\/2025\/10\/mainbeste-european-trademark-300x201.jpg 300w, https:\/\/mainbeste.com\/wp-content\/uploads\/2025\/10\/mainbeste-european-trademark-1024x685.jpg 1024w, https:\/\/mainbeste.com\/wp-content\/uploads\/2025\/10\/mainbeste-european-trademark-768x514.jpg 768w, https:\/\/mainbeste.com\/wp-content\/uploads\/2025\/10\/mainbeste-european-trademark-1536x1028.jpg 1536w, https:\/\/mainbeste.com\/wp-content\/uploads\/2025\/10\/mainbeste-european-trademark-600x401.jpg 600w, https:\/\/mainbeste.com\/wp-content\/uploads\/2025\/10\/mainbeste-european-trademark.jpg 2048w\" sizes=\"(max-width: 300px) 100vw, 300px\" \/>\t\t\t\t\t\t\t\t\t\t\t\t\t\t\t<\/div>\n\t\t\t\t<\/div>\n\t\t<div class=\"elementor-element elementor-element-58febe8 e-con-full e-flex e-con e-child\" data-id=\"58febe8\" data-element_type=\"container\" data-e-type=\"container\">\n\t\t\t\t<div class=\"elementor-element elementor-element-9f88af3 elementor-widget elementor-widget-hfe-infocard\" data-id=\"9f88af3\" data-element_type=\"widget\" data-e-type=\"widget\" data-widget_type=\"hfe-infocard.default\">\n\t\t\t\t<div class=\"elementor-widget-container\">\n\t\t\t\t\t\n\t\t<div class=\"hfe-infocard\">\n\t\t\t\t\t\t\t\t\t<div class=\"hfe-infocard-title-wrap\">\n\t\t\t\t<h5 class=\"hfe-infocard-title elementor-inline-editing\" data-elementor-setting-key=\"infocard_title\" data-elementor-inline-editing-toolbar=\"basic\" >European Union IP Office<\/h5>\t\t\t<\/div>\n\t\t\t\t\t\t<div class=\"hfe-infocard-text-wrap\">\n\t\t\t\t<div class=\"hfe-infocard-text elementor-inline-editing\" data-elementor-setting-key=\"infocard_description\" data-elementor-inline-editing-toolbar=\"advanced\">\n\t\t\t\t\tLa EUIPO es el organismo que certifica oficialmente la validez del registro y los derechos exclusivos de Mainbeste<sup>\u00ae<\/sup> en Europa.\t\t\t\t<\/div>\n\t\t\t\t\t\t\t<\/div>\n\t\t<\/div>\n\n\t\t\t\t\t\t<\/div>\n\t\t\t\t<\/div>\n\t\t\t\t<\/div>\n\t\t\t\t\t<\/div>\n\t\t\t\t<\/div>\n\t\t\t\t<\/div>\n\t\t\t\t\t<\/div>\n\t\t\t\t<\/div>\n\t\t<div class=\"elementor-element elementor-element-4ac79ac e-flex e-con-boxed e-con e-parent\" data-id=\"4ac79ac\" data-element_type=\"container\" data-e-type=\"container\" data-settings=\"{&quot;background_background&quot;:&quot;classic&quot;}\">\n\t\t\t\t\t<div class=\"e-con-inner\">\n\t\t\t\t<div class=\"elementor-element elementor-element-f5a7903 elementor-widget elementor-widget-heading\" data-id=\"f5a7903\" data-element_type=\"widget\" data-e-type=\"widget\" data-widget_type=\"heading.default\">\n\t\t\t\t<div class=\"elementor-widget-container\">\n\t\t\t\t\t<h2 class=\"elementor-heading-title elementor-size-default\"><a href=\"https:\/\/mainbeste.com\/es\/maison\/\">Conoce la historia y la visi\u00f3n de Mainbeste<\/a><\/h2>\t\t\t\t<\/div>\n\t\t\t\t<\/div>\n\t\t\t\t<div class=\"elementor-element elementor-element-0f2a856 elementor-widget elementor-widget-heading\" data-id=\"0f2a856\" data-element_type=\"widget\" data-e-type=\"widget\" data-widget_type=\"heading.default\">\n\t\t\t\t<div class=\"elementor-widget-container\">\n\t\t\t\t\t<h4 class=\"elementor-heading-title elementor-size-default\">Mainbeste es una firma europea que representa el ADN continental: la b\u00fasqueda eterna de lujo, arte y vitalidad. Desde Madrid hasta Copenhague, pasando por Par\u00eds, Mil\u00e1n, Londres o Barcelona, el Universo Mainbeste es una constelaci\u00f3n de lugares que refuerza el posicionamiento como firma de referencia europea en el \u00e1mbito del luxury wellness y el contemporary lifestyle.<\/h4>\t\t\t\t<\/div>\n\t\t\t\t<\/div>\n\t\t\t\t<div class=\"elementor-element elementor-element-ae87e8a elementor-align-center elementor-widget elementor-widget-button\" data-id=\"ae87e8a\" data-element_type=\"widget\" data-e-type=\"widget\" data-widget_type=\"button.default\">\n\t\t\t\t<div class=\"elementor-widget-container\">\n\t\t\t\t\t\t\t\t\t<div class=\"elementor-button-wrapper\">\n\t\t\t\t\t<a class=\"elementor-button elementor-button-link elementor-size-sm\" href=\"https:\/\/mainbeste.com\/es\/maison\/\">\n\t\t\t\t\t\t<span class=\"elementor-button-content-wrapper\">\n\t\t\t\t\t\t\t\t\t<span class=\"elementor-button-text\">Mainbeste Maison<\/span>\n\t\t\t\t\t<\/span>\n\t\t\t\t\t<\/a>\n\t\t\t\t<\/div>\n\t\t\t\t\t\t\t\t<\/div>\n\t\t\t\t<\/div>\n\t\t\t\t\t<\/div>\n\t\t\t\t<\/div>\n\t\t\t\t<\/div>\n\t\t","protected":false},"excerpt":{"rendered":"<p>MAINBESTE\u00ae OFFICIAL EUROPEAN TRADEMARK La protecci\u00f3n del legado. La estructura de la identidad Mainbeste\u00ae es una marca oficialmente registrada en [&hellip;]<\/p>\n","protected":false},"author":1,"featured_media":0,"parent":0,"menu_order":0,"comment_status":"closed","ping_status":"closed","template":"elementor_header_footer","meta":{"_acf_changed":false,"site-sidebar-layout":"no-sidebar","site-content-layout":"","ast-site-content-layout":"full-width-container","site-content-style":"default","site-sidebar-style":"default","ast-global-header-display":"","ast-banner-title-visibility":"","ast-main-header-display":"","ast-hfb-above-header-display":"","ast-hfb-below-header-display":"","ast-hfb-mobile-header-display":"","site-post-title":"disabled","ast-breadcrumbs-content":"","ast-featured-img":"disabled","footer-sml-layout":"","ast-disable-related-posts":"","theme-transparent-header-meta":"","adv-header-id-meta":"","stick-header-meta":"","header-above-stick-meta":"","header-main-stick-meta":"","header-below-stick-meta":"","astra-migrate-meta-layouts":"default","ast-page-background-enabled":"default","ast-page-background-meta":{"desktop":{"background-color":"var(--ast-global-color-5)","background-image":"","background-repeat":"repeat","background-position":"center center","background-size":"auto","background-attachment":"scroll","background-type":"","background-media":"","overlay-type":"","overlay-color":"","overlay-opacity":"","overlay-gradient":""},"tablet":{"background-color":"","background-image":"","background-repeat":"repeat","background-position":"center center","background-size":"auto","background-attachment":"scroll","background-type":"","background-media":"","overlay-type":"","overlay-color":"","overlay-opacity":"","overlay-gradient":""},"mobile":{"background-color":"","background-image":"","background-repeat":"repeat","background-position":"center center","background-size":"auto","background-attachment":"scroll","background-type":"","background-media":"","overlay-type":"","overlay-color":"","overlay-opacity":"","overlay-gradient":""}},"ast-content-background-meta":{"desktop":{"background-color":"var(--ast-global-color-4)","background-image":"","background-repeat":"repeat","background-position":"center center","background-size":"auto","background-attachment":"scroll","background-type":"","background-media":"","overlay-type":"","overlay-color":"","overlay-opacity":"","overlay-gradient":""},"tablet":{"background-color":"var(--ast-global-color-4)","background-image":"","background-repeat":"repeat","background-position":"center center","background-size":"auto","background-attachment":"scroll","background-type":"","background-media":"","overlay-type":"","overlay-color":"","overlay-opacity":"","overlay-gradient":""},"mobile":{"background-color":"var(--ast-global-color-4)","background-image":"","background-repeat":"repeat","background-position":"center center","background-size":"auto","background-attachment":"scroll","background-type":"","background-media":"","overlay-type":"","overlay-color":"","overlay-opacity":"","overlay-gradient":""}},"footnotes":""},"class_list":["post-1553","page","type-page","status-publish","hentry"],"acf":[],"_links":{"self":[{"href":"https:\/\/mainbeste.com\/es\/wp-json\/wp\/v2\/pages\/1553","targetHints":{"allow":["GET"]}}],"collection":[{"href":"https:\/\/mainbeste.com\/es\/wp-json\/wp\/v2\/pages"}],"about":[{"href":"https:\/\/mainbeste.com\/es\/wp-json\/wp\/v2\/types\/page"}],"author":[{"embeddable":true,"href":"https:\/\/mainbeste.com\/es\/wp-json\/wp\/v2\/users\/1"}],"replies":[{"embeddable":true,"href":"https:\/\/mainbeste.com\/es\/wp-json\/wp\/v2\/comments?post=1553"}],"version-history":[{"count":121,"href":"https:\/\/mainbeste.com\/es\/wp-json\/wp\/v2\/pages\/1553\/revisions"}],"predecessor-version":[{"id":8058,"href":"https:\/\/mainbeste.com\/es\/wp-json\/wp\/v2\/pages\/1553\/revisions\/8058"}],"wp:attachment":[{"href":"https:\/\/mainbeste.com\/es\/wp-json\/wp\/v2\/media?parent=1553"}],"curies":[{"name":"wp","href":"https:\/\/api.w.org\/{rel}","templated":true}]}}